{"id":1163,"date":"2026-03-11T23:50:56","date_gmt":"2026-03-11T23:50:56","guid":{"rendered":"https:\/\/baytalaman.ca\/?page_id=1163"},"modified":"2026-03-31T05:29:29","modified_gmt":"2026-03-31T05:29:29","slug":"announcements","status":"publish","type":"page","link":"https:\/\/baytalaman.ca\/fr\/announcements\/","title":{"rendered":"Annonces"},"content":{"rendered":"<div class=\"wp-block-uagb-container uagb-block-d92cc686 alignfull uagb-is-root-container\"><div class=\"uagb-container-inner-blocks-wrap\">\n<div class=\"wp-block-uagb-info-box uagb-block-59507d16 uagb-infobox__content-wrap  uagb-infobox-icon-above-title uagb-infobox-image-valign-top\"><div class=\"uagb-ifb-content\"><div class=\"uagb-ifb-title-wrap\"><h1 class=\"uagb-ifb-title\">Annonces<\/h1><\/div><div class=\"uagb-ifb-separator\"><\/div><\/div><\/div>\n<\/div><\/div>\n\n\n\n<div class=\"wp-block-uagb-advanced-heading uagb-block-5c0837f2\"><div class=\"uagb-heading-text\"><strong>NOS DERNI\u00c8RES NOUVELLES<\/strong><\/div><\/div>\n\n\n\n<div id=\"fb-root\"><\/div>\n<script async defer crossorigin=\"anonymous\" src=\"https:\/\/connect.facebook.net\/en_US\/sdk.js#xfbml=1&#038;version=v18.0\"><\/script>\n\n\n\n<style>\n    .fb-feed-wrapper {\n        display: flex;\n        justify-content: center;\n        width: 100%;\n        padding: 30px 0; \/* Extra breathing room top\/bottom *\/\n    }\n    .fb-feed-container {\n        width: 500px; \n        background-color: #fff; \n        border-radius: 15px; \n        box-shadow: 0 10px 30px rgba(0,0,0,0.1); \n        border: 1px solid #e0e0e0; \n        overflow: hidden; \/* Keeps the rounded corners sharp *\/\n    }\n    @media (max-width: 520px) {\n        .fb-feed-container {\n            width: 95%;\n            max-width: 340px;\n        }\n    }\n<\/style>\n\n<div class=\"fb-feed-wrapper\">\n    <div class=\"fb-feed-container\">\n        <div class=\"fb-page\" \n             data-href=\"https:\/\/www.facebook.com\/profile.php?id=61580567423113\" \n             data-tabs=\"timeline\" \n             data-width=\"500\" \n             data-height=\"800\" \n             data-small-header=\"false\" \n             data-adapt-container-width=\"true\" \n             data-hide-cover=\"false\" \n             data-show-facepile=\"false\">\n            <blockquote cite=\"https:\/\/www.facebook.com\/profile.php?id=61580567423113\" class=\"fb-xfbml-parse-ignore\">\n                <a href=\"https:\/\/www.facebook.com\/profile.php?id=61580567423113\">Bayt Al-Aman Community Center<\/a>\n            <\/blockquote>\n        <\/div>\n    <\/div>\n<\/div>\n\n\n\n<div style=\"height:49px\" aria-hidden=\"true\" class=\"wp-block-spacer\"><\/div>\n\n\n\n<div class=\"wp-block-uagb-container uagb-block-040dc388 alignfull uagb-is-root-container\"><div class=\"uagb-container-inner-blocks-wrap\">\n<div class=\"wp-block-uagb-info-box uagb-block-45df6fb5 uagb-infobox__content-wrap  uagb-infobox-icon-above-title uagb-infobox-image-valign-top\"><div class=\"uagb-ifb-content\"><div class=\"uagb-ifb-title-wrap\"><h2 class=\"uagb-ifb-title\">SOUTENEZ BAYT AL-AMAN<\/h2><\/div><p class=\"uagb-ifb-desc\">Vos contributions g\u00e9n\u00e9reuses soutiennent notre centre et servent nos familles. Puisse Allah r\u00e9compenser votre soutien continu.<\/p><div class=\"uagb-ifb-button-wrapper wp-block-button\"><a href=\"https:\/\/link.clover.com\/urlshortener\/CcG2wz\" class=\"uagb-infobox-cta-link wp-block-button__link\" target=\"_self\" rel=\"noopener noreferrer\" onclick=\"return true;\"><span class=\"uagb-inline-editing\">FAIRE UN DON MAINTENANT<\/span><\/a><\/div><\/div><\/div>\n<\/div><\/div>","protected":false},"excerpt":{"rendered":"<p>Our Latest News Bayt Al-Aman Community Center<\/p>","protected":false},"author":8,"featured_media":0,"parent":0,"menu_order":0,"comment_status":"closed","ping_status":"closed","template":"","meta":{"_uag_custom_page_level_css":"","site-sidebar-layout":"default","site-content-layout":"","ast-site-content-layout":"default","site-content-style":"default","site-sidebar-style":"default","ast-global-header-display":"","ast-banner-title-visibility":"","ast-main-header-display":"","ast-hfb-above-header-display":"","ast-hfb-below-header-display":"","ast-hfb-mobile-header-display":"","site-post-title":"disabled","ast-breadcrumbs-content":"","ast-featured-img":"","footer-sml-layout":"","ast-disable-related-posts":"","theme-transparent-header-meta":"","adv-header-id-meta":"","stick-header-meta":"","header-above-stick-meta":"","header-main-stick-meta":"","header-below-stick-meta":"","astra-migrate-meta-layouts":"set","ast-page-background-enabled":"default","ast-page-background-meta":{"desktop":{"background-color":"var(--ast-global-color-4)","background-image":"","background-repeat":"repeat","background-position":"center center","background-size":"auto","background-attachment":"scroll","background-type":"","background-media":"","overlay-type":"","overlay-color":"","overlay-opacity":"","overlay-gradient":""},"tablet":{"background-color":"","background-image":"","background-repeat":"repeat","background-position":"center center","background-size":"auto","background-attachment":"scroll","background-type":"","background-media":"","overlay-type":"","overlay-color":"","overlay-opacity":"","overlay-gradient":""},"mobile":{"background-color":"","background-image":"","background-repeat":"repeat","background-position":"center center","background-size":"auto","background-attachment":"scroll","background-type":"","background-media":"","overlay-type":"","overlay-color":"","overlay-opacity":"","overlay-gradient":""}},"ast-content-background-meta":{"desktop":{"background-color":"var(--ast-global-color-5)","background-image":"","background-repeat":"repeat","background-position":"center center","background-size":"auto","background-attachment":"scroll","background-type":"","background-media":"","overlay-type":"","overlay-color":"","overlay-opacity":"","overlay-gradient":""},"tablet":{"background-color":"var(--ast-global-color-5)","background-image":"","background-repeat":"repeat","background-position":"center center","background-size":"auto","background-attachment":"scroll","background-type":"","background-media":"","overlay-type":"","overlay-color":"","overlay-opacity":"","overlay-gradient":""},"mobile":{"background-color":"var(--ast-global-color-5)","background-image":"","background-repeat":"repeat","background-position":"center center","background-size":"auto","background-attachment":"scroll","background-type":"","background-media":"","overlay-type":"","overlay-color":"","overlay-opacity":"","overlay-gradient":""}},"footnotes":""},"class_list":["post-1163","page","type-page","status-publish","hentry"],"uagb_featured_image_src":{"full":false,"thumbnail":false,"medium":false,"medium_large":false,"large":false,"1536x1536":false,"2048x2048":false,"trp-custom-language-flag":false,"woocommerce_thumbnail":false,"woocommerce_single":false,"woocommerce_gallery_thumbnail":false},"uagb_author_info":{"display_name":"Bayt Al Aman","author_link":"https:\/\/baytalaman.ca\/fr\/author\/wdly6iexi7r3\/"},"uagb_comment_info":0,"uagb_excerpt":"Our Latest News Bayt Al-Aman Community Center","_links":{"self":[{"href":"https:\/\/baytalaman.ca\/fr\/wp-json\/wp\/v2\/pages\/1163","targetHints":{"allow":["GET"]}}],"collection":[{"href":"https:\/\/baytalaman.ca\/fr\/wp-json\/wp\/v2\/pages"}],"about":[{"href":"https:\/\/baytalaman.ca\/fr\/wp-json\/wp\/v2\/types\/page"}],"author":[{"embeddable":true,"href":"https:\/\/baytalaman.ca\/fr\/wp-json\/wp\/v2\/users\/8"}],"replies":[{"embeddable":true,"href":"https:\/\/baytalaman.ca\/fr\/wp-json\/wp\/v2\/comments?post=1163"}],"version-history":[{"count":27,"href":"https:\/\/baytalaman.ca\/fr\/wp-json\/wp\/v2\/pages\/1163\/revisions"}],"predecessor-version":[{"id":1571,"href":"https:\/\/baytalaman.ca\/fr\/wp-json\/wp\/v2\/pages\/1163\/revisions\/1571"}],"wp:attachment":[{"href":"https:\/\/baytalaman.ca\/fr\/wp-json\/wp\/v2\/media?parent=1163"}],"curies":[{"name":"wp","href":"https:\/\/api.w.org\/{rel}","templated":true}]}}