{"id":18,"date":"2026-02-19T18:42:07","date_gmt":"2026-02-19T18:42:07","guid":{"rendered":"https:\/\/baytalaman.ca\/?page_id=18"},"modified":"2026-03-31T05:29:19","modified_gmt":"2026-03-31T05:29:19","slug":"home","status":"publish","type":"page","link":"https:\/\/baytalaman.ca\/fr\/","title":{"rendered":"Acceuil"},"content":{"rendered":"<div class=\"wp-block-uagb-container uag-blocks-common-selector uagb-block-5461dcaf alignfull uagb-is-root-container\"><div class=\"uagb-container-inner-blocks-wrap\">\n<div class=\"wp-block-uagb-info-box uagb-block-fb86b80d uagb-infobox__content-wrap  uagb-infobox-icon-above-title uagb-infobox-image-valign-top\"><div class=\"uagb-ifb-content\"><div class=\"uagb-ifb-title-wrap\"><h1 class=\"uagb-ifb-title\">BIENVENUE \u00c0 BAYT AL AMAN<\/h1><\/div><p class=\"uagb-ifb-desc\"><em>\u00ab Et Allah appelle \u00e0 la demeure de la paix et guide qui Il veut vers un droit chemin. \u00bb<\/em>&nbsp;\u2014 (Coran 10:25)<br><br>Un sanctuaire de paix, de croissance spirituelle et d'unit\u00e9 pour la communaut\u00e9 musulmane de Montr\u00e9al.<\/p><div class=\"uagb-ifb-button-wrapper wp-block-button\"><a href=\"https:\/\/link.clover.com\/urlshortener\/CcG2wz\" class=\"uagb-infobox-cta-link wp-block-button__link\" target=\"_self\" rel=\"noopener noreferrer\" onclick=\"return true;\"><span class=\"uagb-inline-editing\">FAIRE UN DON MAINTENANT<\/span><\/a><\/div><\/div><\/div>\n\n\n\n<div class=\"wp-block-uagb-info-box uagb-block-0e5a6101 uagb-infobox__content-wrap  uagb-infobox-icon-above-title uagb-infobox-image-valign-top uag-blocks-common-selector\" style=\"--z-index-desktop:2;;--z-index-tablet:2;;--z-index-mobile:2;\"><div class=\"uagb-ifb-content\"><div class=\"uagb-ifb-title-wrap\"><div class=\"uagb-ifb-separator\"><\/div><\/div><\/div><\/div>\n<\/div><\/div>\n\n\n\n<div class=\"wp-block-uagb-container uag-blocks-common-selector uagb-block-02ad2fc9 alignfull uagb-is-root-container\"><div class=\"uagb-container-inner-blocks-wrap\">\n<div class=\"wp-block-uagb-advanced-heading uagb-block-ae0cdd4c\"><div class=\"uagb-heading-text\">Bienvenue<\/div><\/div>\n\n\n\n<div class=\"wp-block-uagb-info-box uagb-block-c27cb582 uagb-infobox__content-wrap  uagb-infobox-icon-above-title uagb-infobox-image-valign-top\"><div class=\"uagb-ifb-content\"><div class=\"uagb-ifb-title-wrap\"><h2 class=\"uagb-ifb-title\">EN SAVOIR PLUS SUR NOTRE MOSQU\u00c9E COMMUNAUTAIRE<\/h2><\/div><p class=\"uagb-ifb-desc\">Bayt Al-Aman est un nouveau sanctuaire accueillant \u00e0 Montr\u00e9al. Notre mission est d'offrir un environnement paisible et intime o\u00f9 les individus et les familles peuvent s'engager dans l'adoration quotidienne et tisser des liens durables. En tant que mosqu\u00e9e de quartier locale, notre objectif actuel est d'\u00e9tablir une fondation sinc\u00e8re pour la pri\u00e8re et une v\u00e9ritable connexion communautaire.<\/p><\/div><\/div>\n\n\n\n<div class=\"wp-block-uagb-info-box uagb-block-56dba948 uagb-infobox__content-wrap  uagb-infobox-icon-above-title uagb-infobox-image-valign-top\"><div class=\"uagb-ifb-content\"><div class=\"uagb-ifb-title-wrap\"><\/div><p class=\"uagb-ifb-desc\"><br>Le Proph\u00e8te Muhammad (\ufdfa) a dit : \u00ab Les croyants, dans leur amour mutuel, leur mis\u00e9ricorde et leur compassion, sont comme un seul corps. \u00bb (Sahih Bukhari &amp; Muslim)<\/p><div class=\"uagb-ifb-button-wrapper wp-block-button\"><a href=\"\/fr\/about\/\" class=\"uagb-infobox-cta-link wp-block-button__link\" target=\"_self\" rel=\"noopener noreferrer\" onclick=\"return true;\"><span class=\"uagb-inline-editing\">LIRE LA SUITE<\/span><\/a><\/div><\/div><\/div>\n<\/div><\/div>\n\n\n\n<div class=\"wp-block-uagb-container uagb-layout-flex uagb-block-3f2a9b97 alignfull uagb-is-root-container\"><div class=\"uagb-container-inner-blocks-wrap\">\n<div class=\"wp-block-uagb-container uagb-block-9d28ad5c\">\n<div class=\"wp-block-uagb-container uagb-block-bed34ed1\">\n<div class=\"wp-block-uagb-image alignleft uagb-block-adb03ab9 wp-block-uagb-image--layout-default wp-block-uagb-image--effect-static wp-block-uagb-image--align-left\"><figure class=\"wp-block-uagb-image__figure\"><img decoding=\"async\" srcset=\"https:\/\/baytalaman.ca\/wp-content\/uploads\/2026\/03\/pexels-photo-29513358-29513358-1024x535.jpg ,https:\/\/baytalaman.ca\/wp-content\/uploads\/2026\/03\/pexels-photo-29513358-29513358.jpg 780w, https:\/\/baytalaman.ca\/wp-content\/uploads\/2026\/03\/pexels-photo-29513358-29513358.jpg 360w\" sizes=\"auto, (max-width: 480px) 150px\" src=\"https:\/\/baytalaman.ca\/wp-content\/uploads\/2026\/03\/pexels-photo-29513358-29513358-1024x535.jpg\" alt=\"Men engaged in prayer inside a historic mosque in Istanbul with intricate interior design.\" class=\"uag-image-1194\" width=\"600\" height=\"450\" title=\"pexels photo 29513358 29513358\" loading=\"lazy\" role=\"img\"\/><\/figure><\/div>\n<\/div>\n\n\n\n<div class=\"wp-block-uagb-container uagb-block-b59414c9\">\n<div class=\"wp-block-uagb-advanced-heading uagb-block-22d99941\"><div class=\"uagb-heading-text\">01<\/div><\/div>\n\n\n\n<div class=\"wp-block-uagb-info-box uagb-block-bbe70e12 uagb-infobox__content-wrap  uagb-infobox-icon-above-title uagb-infobox-image-valign-top\"><div class=\"uagb-ifb-content\"><div class=\"uagb-ifb-title-wrap\"><h3 class=\"uagb-ifb-title\">PRI\u00c8RES DU JUMU\u2019AH<\/h3><\/div><p class=\"uagb-ifb-desc\">Le vendredi est le c\u0153ur spirituel de notre semaine. Nous invitons les fr\u00e8res et s\u0153urs de tout Montr\u00e9al \u00e0 se joindre \u00e0 nous pour nos pri\u00e8res hebdomadaires du Jumu\u2019ah et la Khutbah (sermon). C'est un moment essentiel pour faire une pause dans nos vies bien remplies, nous reconnecter avec notre Cr\u00e9ateur et nous tenir c\u00f4te \u00e0 c\u00f4te dans la r\u00e9flexion et l'unit\u00e9.<\/p><\/div><\/div>\n<\/div>\n<\/div>\n\n\n\n<div class=\"wp-block-uagb-container uagb-block-1a00dc61\">\n<div class=\"wp-block-uagb-container uagb-block-fdc85cb7\">\n<div class=\"wp-block-uagb-advanced-heading uagb-block-2275a5ef\"><div class=\"uagb-heading-text\">02<\/div><\/div>\n\n\n\n<div class=\"wp-block-uagb-info-box uagb-block-57ce67a4 uagb-infobox__content-wrap  uagb-infobox-icon-above-title uagb-infobox-image-valign-top\"><div class=\"uagb-ifb-content\"><div class=\"uagb-ifb-title-wrap\"><h3 class=\"uagb-ifb-title\">CONNEXION COMMUNAUTAIRE<\/h3><\/div><p class=\"uagb-ifb-desc\">\u00c0 mesure que notre humble espace s'agrandit, nous avons h\u00e2te d'organiser des rassemblements communautaires et des cercles \u00e9ducatifs. Pour l'instant, nos portes sont ouvertes pour les pri\u00e8res quotidiennes, offrant un environnement accueillant pour \u00e9changer avec les autres musulmans du quartier.<\/p><div class=\"uagb-ifb-button-wrapper wp-block-button\"><a href=\"\/fr\/announcements\/\" class=\"uagb-infobox-cta-link wp-block-button__link\" target=\"_self\" rel=\"noopener noreferrer\" onclick=\"return true;\"><span class=\"uagb-inline-editing\">LIRE LA SUITE<\/span><svg xmlns=\"https:\/\/www.w3.org\/2000\/svg\" viewbox=\"0 0 448 512\"><path d=\"M438.6 278.6l-160 160C272.4 444.9 264.2 448 256 448s-16.38-3.125-22.62-9.375c-12.5-12.5-12.5-32.75 0-45.25L338.8 288H32C14.33 288 .0016 273.7 .0016 256S14.33 224 32 224h306.8l-105.4-105.4c-12.5-12.5-12.5-32.75 0-45.25s32.75-12.5 45.25 0l160 160C451.1 245.9 451.1 266.1 438.6 278.6z\"><\/path><\/svg><\/a><\/div><\/div><\/div>\n<\/div>\n\n\n\n<div class=\"wp-block-uagb-container uagb-block-54bf699c\">\n<div class=\"wp-block-uagb-image uagb-block-a8f78cc4 wp-block-uagb-image--layout-default wp-block-uagb-image--effect-static wp-block-uagb-image--align-none alignleft\"><figure class=\"wp-block-uagb-image__figure\"><img decoding=\"async\" srcset=\"https:\/\/baytalaman.ca\/wp-content\/uploads\/2026\/02\/people-are-gathered-likely-in-prayer-or-worship-3allehm8jsu-1024x576.jpeg ,https:\/\/baytalaman.ca\/wp-content\/uploads\/2026\/02\/people-are-gathered-likely-in-prayer-or-worship-3allehm8jsu.jpeg 780w, https:\/\/baytalaman.ca\/wp-content\/uploads\/2026\/02\/people-are-gathered-likely-in-prayer-or-worship-3allehm8jsu.jpeg 360w\" sizes=\"auto, (max-width: 480px) 150px\" src=\"https:\/\/baytalaman.ca\/wp-content\/uploads\/2026\/02\/people-are-gathered-likely-in-prayer-or-worship-3allehm8jsu-1024x576.jpeg\" alt=\"Worshippers begin to form organized rows for prayer on a richly patterned red carpet, embodying discipline and unity during a religious gathering.\" class=\"uag-image-1094\" width=\"605\" height=\"570\" title=\"people-are-gathered-likely-in-prayer-or-worship-3allehm8jsu\" loading=\"lazy\" role=\"img\"\/><\/figure><\/div>\n<\/div>\n<\/div>\n\n\n\n<div class=\"wp-block-uagb-container uagb-block-9b57b2d4\">\n<div class=\"wp-block-uagb-container uagb-block-e7dda4de\">\n<div class=\"wp-block-uagb-image uagb-block-74337f71 wp-block-uagb-image--layout-default wp-block-uagb-image--effect-static wp-block-uagb-image--align-none\"><figure class=\"wp-block-uagb-image__figure\"><img decoding=\"async\" srcset=\"https:\/\/baytalaman.ca\/wp-content\/uploads\/2026\/02\/qoran-quran-book-islam-book-holy-842571-1024x577.jpg ,https:\/\/baytalaman.ca\/wp-content\/uploads\/2026\/02\/qoran-quran-book-islam-book-holy-842571.jpg 780w, https:\/\/baytalaman.ca\/wp-content\/uploads\/2026\/02\/qoran-quran-book-islam-book-holy-842571.jpg 360w\" sizes=\"auto, (max-width: 480px) 150px\" src=\"https:\/\/baytalaman.ca\/wp-content\/uploads\/2026\/02\/qoran-quran-book-islam-book-holy-842571-1024x577.jpg\" alt=\"qoran, quran, book, islam book, holy, allah, mosque, muslim, ramazan, masjid, islamic, qoran, qoran, qoran, qoran, qoran, quran, quran\" class=\"uag-image-1100\" width=\"600\" height=\"480\" title=\"qoran-quran-book-islam-book-holy-842571\" loading=\"lazy\" role=\"img\"\/><\/figure><\/div>\n<\/div>\n\n\n\n<div class=\"wp-block-uagb-container uagb-block-46f5353b\">\n<div class=\"wp-block-uagb-advanced-heading uagb-block-131e1d25\"><div class=\"uagb-heading-text\">03<\/div><\/div>\n\n\n\n<div class=\"wp-block-uagb-info-box uagb-block-c187b722 uagb-infobox__content-wrap  uagb-infobox-icon-above-title uagb-infobox-image-valign-top\"><div class=\"uagb-ifb-content\"><div class=\"uagb-ifb-title-wrap\"><h3 class=\"uagb-ifb-title\">ACAD\u00c9MIE DE CORAN EN LIGNE<\/h3><\/div><p class=\"uagb-ifb-desc\">L'espace ne devrait pas limiter la qu\u00eate du savoir. Notre acad\u00e9mie en ligne innovante connecte les jeunes et les adultes \u00e0 des enseignants exp\u00e9riment\u00e9s pour des \u00e9tudes coraniques d\u00e9di\u00e9es. Nous proposons une approche moderne et flexible pour nourrir la foi de la prochaine g\u00e9n\u00e9ration, accessible de n'importe o\u00f9 \u00e0 Montr\u00e9al.<\/p><div class=\"uagb-ifb-button-wrapper wp-block-button\"><a href=\"\/fr\/academy\/\" class=\"uagb-infobox-cta-link wp-block-button__link\" target=\"_self\" rel=\"noopener noreferrer\" onclick=\"return true;\"><span class=\"uagb-inline-editing\">LIRE LA SUITE<\/span><svg xmlns=\"https:\/\/www.w3.org\/2000\/svg\" viewbox=\"0 0 448 512\"><path d=\"M438.6 278.6l-160 160C272.4 444.9 264.2 448 256 448s-16.38-3.125-22.62-9.375c-12.5-12.5-12.5-32.75 0-45.25L338.8 288H32C14.33 288 .0016 273.7 .0016 256S14.33 224 32 224h306.8l-105.4-105.4c-12.5-12.5-12.5-32.75 0-45.25s32.75-12.5 45.25 0l160 160C451.1 245.9 451.1 266.1 438.6 278.6z\"><\/path><\/svg><\/a><\/div><\/div><\/div>\n<\/div>\n<\/div>\n<\/div><\/div>\n\n\n\n<div class=\"wp-block-uagb-container uagb-block-81ea2228 alignfull uagb-is-root-container\"><div class=\"uagb-container-inner-blocks-wrap\">\n<div class=\"wp-block-uagb-advanced-heading uagb-block-0d5cb39d\"><div class=\"uagb-heading-text\">HORAIRES DU CENTRE ET HEURES DE PRI\u00c8RE<\/div><\/div>\n\n\n\n<div class=\"wp-block-uagb-advanced-heading uagb-block-6ccea684\"><h2 class=\"uagb-heading-text\">HEURES DE PRI\u00c8RE QUOTIDIENNES<\/h2><\/div>\n<\/div><\/div>\n\n\n\n<div class=\"wp-block-uagb-container uagb-block-3bcac1d5 alignfull uagb-is-root-container\">\n<div style=\"height:26px\" aria-hidden=\"true\" class=\"wp-block-spacer\"><\/div>\n<\/div>\n\n\n<div data-spectra-id=\"spectra-mmnwo2pz-etz184\"\tstyle=\"overflow: visible;\" class=\"spectra-is-root-container alignwide spectra-overlay-color spectra-overflow wp-block-spectra-container\" data-orientation=\"vertical\"\t>\n\t\n\n<iframe loading=\"lazy\" src=\"https:\/\/mawaqit.net\/fr\/m\/alrawdah-mac\" class=\"mawaqit-iframe\" width=\"75%\" height=\"700\" frameborder=\"0\" scrolling=\"no\">\n<\/iframe>\n\n<\/div>\n\n\n\n<div style=\"height:100px\" aria-hidden=\"true\" class=\"wp-block-spacer\"><\/div>\n\n\n\n<div class=\"wp-block-uagb-container uagb-block-040dc388 alignfull uagb-is-root-container\"><div class=\"uagb-container-inner-blocks-wrap\">\n<div class=\"wp-block-uagb-info-box uagb-block-45df6fb5 uagb-infobox__content-wrap  uagb-infobox-icon-above-title uagb-infobox-image-valign-top\"><div class=\"uagb-ifb-content\"><div class=\"uagb-ifb-title-wrap\"><h2 class=\"uagb-ifb-title\">SOUTENEZ BAYT AL-AMAN<\/h2><\/div><p class=\"uagb-ifb-desc\">Vos contributions g\u00e9n\u00e9reuses soutiennent notre centre et servent nos familles. Puisse Allah r\u00e9compenser votre soutien continu.<\/p><div class=\"uagb-ifb-button-wrapper wp-block-button\"><a href=\"https:\/\/link.clover.com\/urlshortener\/CcG2wz\" class=\"uagb-infobox-cta-link wp-block-button__link\" target=\"_self\" rel=\"noopener noreferrer\" onclick=\"return true;\"><span class=\"uagb-inline-editing\">FAIRE UN DON MAINTENANT<\/span><\/a><\/div><\/div><\/div>\n<\/div><\/div>\n\n\n\n<p><\/p>","protected":false},"excerpt":{"rendered":"<p>Welcome 01 02 03 Center Schedule &amp; Prayer Times DAILY PRAYER TIMES<\/p>","protected":false},"author":8,"featured_media":0,"parent":0,"menu_order":0,"comment_status":"closed","ping_status":"closed","template":"","meta":{"_uag_custom_page_level_css":"","site-sidebar-layout":"default","site-content-layout":"","ast-site-content-layout":"full-width-container","site-content-style":"unboxed","site-sidebar-style":"unboxed","ast-global-header-display":"","ast-banner-title-visibility":"","ast-main-header-display":"","ast-hfb-above-header-display":"","ast-hfb-below-header-display":"","ast-hfb-mobile-header-display":"","site-post-title":"disabled","ast-breadcrumbs-content":"","ast-featured-img":"","footer-sml-layout":"","ast-disable-related-posts":"","theme-transparent-header-meta":"","adv-header-id-meta":"","stick-header-meta":"","header-above-stick-meta":"","header-main-stick-meta":"","header-below-stick-meta":"","astra-migrate-meta-layouts":"set","ast-page-background-enabled":"default","ast-page-background-meta":{"desktop":{"background-color":"var(--ast-global-color-4)","background-image":"","background-repeat":"repeat","background-position":"center center","background-size":"auto","background-attachment":"scroll","background-type":"","background-media":"","overlay-type":"","overlay-color":"","overlay-opacity":"","overlay-gradient":""},"tablet":{"background-color":"","background-image":"","background-repeat":"repeat","background-position":"center center","background-size":"auto","background-attachment":"scroll","background-type":"","background-media":"","overlay-type":"","overlay-color":"","overlay-opacity":"","overlay-gradient":""},"mobile":{"background-color":"","background-image":"","background-repeat":"repeat","background-position":"center center","background-size":"auto","background-attachment":"scroll","background-type":"","background-media":"","overlay-type":"","overlay-color":"","overlay-opacity":"","overlay-gradient":""}},"ast-content-background-meta":{"desktop":{"background-color":"var(--ast-global-color-5)","background-image":"","background-repeat":"repeat","background-position":"center center","background-size":"auto","background-attachment":"scroll","background-type":"","background-media":"","overlay-type":"","overlay-color":"","overlay-opacity":"","overlay-gradient":""},"tablet":{"background-color":"var(--ast-global-color-5)","background-image":"","background-repeat":"repeat","background-position":"center center","background-size":"auto","background-attachment":"scroll","background-type":"","background-media":"","overlay-type":"","overlay-color":"","overlay-opacity":"","overlay-gradient":""},"mobile":{"background-color":"var(--ast-global-color-5)","background-image":"","background-repeat":"repeat","background-position":"center center","background-size":"auto","background-attachment":"scroll","background-type":"","background-media":"","overlay-type":"","overlay-color":"","overlay-opacity":"","overlay-gradient":""}},"footnotes":""},"class_list":["post-18","page","type-page","status-publish","hentry"],"uagb_featured_image_src":{"full":false,"thumbnail":false,"medium":false,"medium_large":false,"large":false,"1536x1536":false,"2048x2048":false,"trp-custom-language-flag":false,"woocommerce_thumbnail":false,"woocommerce_single":false,"woocommerce_gallery_thumbnail":false},"uagb_author_info":{"display_name":"Bayt Al Aman","author_link":"https:\/\/baytalaman.ca\/fr\/author\/wdly6iexi7r3\/"},"uagb_comment_info":0,"uagb_excerpt":"Welcome 01 02 03 Center Schedule &amp; Prayer Times DAILY PRAYER TIMES","_links":{"self":[{"href":"https:\/\/baytalaman.ca\/fr\/wp-json\/wp\/v2\/pages\/18","targetHints":{"allow":["GET"]}}],"collection":[{"href":"https:\/\/baytalaman.ca\/fr\/wp-json\/wp\/v2\/pages"}],"about":[{"href":"https:\/\/baytalaman.ca\/fr\/wp-json\/wp\/v2\/types\/page"}],"author":[{"embeddable":true,"href":"https:\/\/baytalaman.ca\/fr\/wp-json\/wp\/v2\/users\/8"}],"replies":[{"embeddable":true,"href":"https:\/\/baytalaman.ca\/fr\/wp-json\/wp\/v2\/comments?post=18"}],"version-history":[{"count":47,"href":"https:\/\/baytalaman.ca\/fr\/wp-json\/wp\/v2\/pages\/18\/revisions"}],"predecessor-version":[{"id":1569,"href":"https:\/\/baytalaman.ca\/fr\/wp-json\/wp\/v2\/pages\/18\/revisions\/1569"}],"wp:attachment":[{"href":"https:\/\/baytalaman.ca\/fr\/wp-json\/wp\/v2\/media?parent=18"}],"curies":[{"name":"wp","href":"https:\/\/api.w.org\/{rel}","templated":true}]}}